{"id":3060,"date":"2024-03-26T14:04:21","date_gmt":"2024-03-26T14:04:21","guid":{"rendered":"https:\/\/lupohotel.com\/about-us\/"},"modified":"2024-03-26T18:24:58","modified_gmt":"2024-03-26T18:24:58","slug":"about-us","status":"publish","type":"page","link":"https:\/\/lupohotel.com\/en\/about-us\/","title":{"rendered":"About Us"},"content":{"rendered":"\t\t<div data-elementor-type=\"wp-page\" data-elementor-id=\"3060\" class=\"elementor elementor-3060 elementor-1778\" data-elementor-post-type=\"page\">\n\t\t\t\t\t\t<section class=\"elementor-section elementor-top-section elementor-element elementor-element-bd3c457 elementor-section-boxed elementor-section-height-default elementor-section-height-default\" data-id=\"bd3c457\" data-element_type=\"section\" data-settings=\"{&quot;background_background&quot;:&quot;classic&quot;}\">\n\t\t\t\t\t\t<div class=\"elementor-container elementor-column-gap-default\">\n\t\t\t\t\t<div class=\"elementor-column elementor-col-100 elementor-top-column elementor-element elementor-element-b2bb5a3\" data-id=\"b2bb5a3\" data-element_type=\"column\">\n\t\t\t<div class=\"elementor-widget-wrap\">\n\t\t\t\t\t\t\t<\/div>\n\t\t<\/div>\n\t\t\t\t\t<\/div>\n\t\t<\/section>\n\t\t\t\t<section class=\"elementor-section elementor-top-section elementor-element elementor-element-b38bd33 elementor-section-boxed elementor-section-height-default elementor-section-height-default\" data-id=\"b38bd33\" data-element_type=\"section\">\n\t\t\t\t\t\t<div class=\"elementor-container elementor-column-gap-default\">\n\t\t\t\t\t<div class=\"elementor-column elementor-col-100 elementor-top-column elementor-element elementor-element-7b13111\" data-id=\"7b13111\" data-element_type=\"column\">\n\t\t\t<div class=\"elementor-widget-wrap elementor-element-populated\">\n\t\t\t\t\t\t<div class=\"elementor-element elementor-element-5c02f37 elementor-widget elementor-widget-image\" data-id=\"5c02f37\" data-element_type=\"widget\" data-widget_type=\"image.default\">\n\t\t\t\t<div class=\"elementor-widget-container\">\n\t\t\t\t\t\t\t\t\t\t\t\t\t<img fetchpriority=\"high\" decoding=\"async\" width=\"1750\" height=\"985\" src=\"https:\/\/lupohotel.com\/wp-content\/uploads\/2022\/07\/lupohotels.jpg\" class=\"attachment-full size-full wp-image-1564\" alt=\"\" srcset=\"https:\/\/lupohotel.com\/wp-content\/uploads\/2022\/07\/lupohotels.jpg 1750w, https:\/\/lupohotel.com\/wp-content\/uploads\/2022\/07\/lupohotels-1024x576.jpg 1024w, https:\/\/lupohotel.com\/wp-content\/uploads\/2022\/07\/lupohotels-768x432.jpg 768w\" sizes=\"(max-width: 1750px) 100vw, 1750px\" \/>\t\t\t\t\t\t\t\t\t\t\t\t\t<\/div>\n\t\t\t\t<\/div>\n\t\t\t\t\t<\/div>\n\t\t<\/div>\n\t\t\t\t\t<\/div>\n\t\t<\/section>\n\t\t\t\t<section class=\"elementor-section elementor-top-section elementor-element elementor-element-bbb1ebc elementor-section-boxed elementor-section-height-default elementor-section-height-default\" data-id=\"bbb1ebc\" data-element_type=\"section\">\n\t\t\t\t\t\t<div class=\"elementor-container elementor-column-gap-default\">\n\t\t\t\t\t<div class=\"elementor-column elementor-col-100 elementor-top-column elementor-element elementor-element-431d106\" data-id=\"431d106\" data-element_type=\"column\">\n\t\t\t<div class=\"elementor-widget-wrap elementor-element-populated\">\n\t\t\t\t\t\t<div class=\"elementor-element elementor-element-38f06cb elementor-widget elementor-widget-text-editor\" data-id=\"38f06cb\" data-element_type=\"widget\" data-widget_type=\"text-editor.default\">\n\t\t\t\t<div class=\"elementor-widget-container\">\n\t\t\t\t\t\t\t<b>Lupo<\/b><b> Libero Hotel &amp; Spa is a hotel with 65 rooms and 143 bed capacity, serving in the most central location of Antalya.<\/b>\r\n\r\nLupo Libero Hotel &amp; Spa is a family hotel that values guest satisfaction on every platform to offer our hotel guests a peaceful and relaxing holiday.\r\n\r\n<i>Offering a new generation boutique hotel concept to its guests, our hotel serves with the concept of <\/i><u><i>bed and breakfast<\/i><\/u><u>. <\/u>\r\n\r\nFor our guests who want to stay fit and dynamic during their holiday, our fitness centre allows you to keep your body in shape with technological equipment. Our SPA Centre, which opens its doors to our distinguished guests, will make your holiday indispensable.\r\n\r\nLupo Libero Hotel &amp; Spa is located within walking distance to the sea, Markantalya, the most popular shopping centre of Antalya, tram and public transport, and our guests can easily reach all the amenities of the city.\r\n\r\nWhether for holiday, business or travelling, our hotel provides a great advantage to its guests due to its location while visiting the city of Antalya.\u00a0 Every facility is available for your comfort in our hotel.\u00a0 The rooms have TV, air conditioning, minibar, safe deposit box, kettle tea and coffee set up, hair dryer, soap, shampoo, shower gel and slippers.\r\n\r\nThe only thing you need to do for your soul and body to get rid of all stress and troubles will be coming to Lupo Libero Hotel &amp; Spa as soon as possible.\t\t\t\t\t\t<\/div>\n\t\t\t\t<\/div>\n\t\t\t\t<div class=\"elementor-element elementor-element-231bd64 elementor-widget-divider--view-line elementor-widget elementor-widget-divider\" data-id=\"231bd64\" data-element_type=\"widget\" data-widget_type=\"divider.default\">\n\t\t\t\t<div class=\"elementor-widget-container\">\n\t\t\t\t\t<div class=\"elementor-divider\">\n\t\t\t<span class=\"elementor-divider-separator\">\n\t\t\t\t\t\t<\/span>\n\t\t<\/div>\n\t\t\t\t<\/div>\n\t\t\t\t<\/div>\n\t\t\t\t<div class=\"elementor-element elementor-element-15c20e4 elementor-widget elementor-widget-text-editor\" data-id=\"15c20e4\" data-element_type=\"widget\" data-widget_type=\"text-editor.default\">\n\t\t\t\t<div class=\"elementor-widget-container\">\n\t\t\t\t\t\t\t<b>GENERAL INFORMATION<\/b>\r\n<ul>\r\n \t<li>Antalya airport is 10 km away.<\/li>\r\n \t<li>Antalya bus station is 8 km away.<\/li>\r\n \t<li>You can call 0 to reach the reception.<\/li>\r\n \t<li>Room cleaning is done every day between 09:00-16:00.<\/li>\r\n \t<li>It is forbidden to take food and drinks into the rooms.<\/li>\r\n \t<li>Lunch ala carte menu is available for our guests who wish.<\/li>\r\n \t<li>Please hand your room card to the reception at the exit.<\/li>\r\n \t<li>There is a special safety deposit box in your room.<\/li>\r\n \t<li>Our hotel is not responsible for the loss of valuables and money not placed in the safe.<\/li>\r\n \t<li>Check-in time is 14:00, check-out time is 12:00.<\/li>\r\n \t<li>Pets are not accepted.<\/li>\r\n<\/ul>\t\t\t\t\t\t<\/div>\n\t\t\t\t<\/div>\n\t\t\t\t\t<\/div>\n\t\t<\/div>\n\t\t\t\t\t<\/div>\n\t\t<\/section>\n\t\t\t\t<section class=\"elementor-section elementor-top-section elementor-element elementor-element-f2da79c elementor-section-boxed elementor-section-height-default elementor-section-height-default\" data-id=\"f2da79c\" data-element_type=\"section\">\n\t\t\t\t\t\t<div class=\"elementor-container elementor-column-gap-default\">\n\t\t\t\t\t<div class=\"elementor-column elementor-col-100 elementor-top-column elementor-element elementor-element-122b5ec\" data-id=\"122b5ec\" data-element_type=\"column\">\n\t\t\t<div class=\"elementor-widget-wrap elementor-element-populated\">\n\t\t\t\t\t\t<div class=\"elementor-element elementor-element-ee455e8 elementor-widget elementor-widget-gva-gallery\" data-id=\"ee455e8\" data-element_type=\"widget\" data-widget_type=\"gva-gallery.default\">\n\t\t\t\t<div class=\"elementor-widget-container\">\n\t\t\t<div class=\"gva-element-gva-gallery gva-element\">\r\n<div class=\"gva-gallery-carousel swiper-slider-wrapper style-1 \">\r\n\t<div class=\"swiper-content-inner\">\r\n   \t<div class=\"init-carousel-swiper swiper\" data-carousel=\"{&quot;items&quot;:3,&quot;items_lg&quot;:3,&quot;items_md&quot;:3,&quot;items_sm&quot;:2,&quot;items_xs&quot;:1,&quot;items_xx&quot;:1,&quot;effect&quot;:&quot;slide&quot;,&quot;space_between&quot;:30,&quot;loop&quot;:1,&quot;speed&quot;:600,&quot;autoplay&quot;:1,&quot;autoplay_delay&quot;:4500,&quot;autoplay_hover&quot;:1,&quot;navigation&quot;:1,&quot;pagination&quot;:0,&quot;dynamic_bullets&quot;:0,&quot;pagination_type&quot;:&quot;bullets&quot;}\">\r\n      \t<div class=\"swiper-wrapper\">\r\n\t\t\t\t<div class=\"swiper-slide item\">\r\n<div class=\"gallery-item\">\r\n\r\n               <div class=\"image\">\r\n            <img decoding=\"async\" src=\"https:\/\/lupohotel.com\/wp-content\/uploads\/2022\/11\/79df293af0dc0f9e9fdfee51c481ffd7-560x690.jpg\" alt=\"MARK ANTALYA AVM\" \/>  \r\n         <\/div>\r\n         <a class=\"photo-gallery\" href=\"http:\/\/lupohotel.com\/wp-content\/uploads\/2022\/11\/79df293af0dc0f9e9fdfee51c481ffd7.jpg\" data-elementor-lightbox-slideshow=\"gallery-91tl\"><\/a>\r\n      \r\n      <div class=\"image-content\">\r\n         <div class=\"content-inner\">\r\n                           <h3 class=\"title\">MARK ANTALYA AVM<\/h3>\r\n                                 <\/div>   \r\n      <\/div>\r\n\r\n   <\/div>\r\n<\/div><div class=\"swiper-slide item\">\r\n<div class=\"gallery-item\">\r\n\r\n               <div class=\"image\">\r\n            <img decoding=\"async\" src=\"https:\/\/lupohotel.com\/wp-content\/uploads\/2022\/11\/EHE-pH5X4AAJvAP-560x576.jpg\" alt=\"ANTALYA \u00c7AR\u015eI\" \/>  \r\n         <\/div>\r\n         <a class=\"photo-gallery\" href=\"http:\/\/lupohotel.com\/wp-content\/uploads\/2022\/11\/EHE-pH5X4AAJvAP.jpg\" data-elementor-lightbox-slideshow=\"gallery-91tl\"><\/a>\r\n      \r\n      <div class=\"image-content\">\r\n         <div class=\"content-inner\">\r\n                           <h3 class=\"title\">ANTALYA \u00c7AR\u015eI<\/h3>\r\n                                 <\/div>   \r\n      <\/div>\r\n\r\n   <\/div>\r\n<\/div><div class=\"swiper-slide item\">\r\n<div class=\"gallery-item\">\r\n\r\n               <div class=\"image\">\r\n            <img decoding=\"async\" src=\"https:\/\/lupohotel.com\/wp-content\/uploads\/2022\/11\/maxresdefault-560x690.jpg\" alt=\"ANTALYA KALE\u0130\u00c7\u0130\" \/>  \r\n         <\/div>\r\n         <a class=\"photo-gallery\" href=\"http:\/\/lupohotel.com\/wp-content\/uploads\/2022\/11\/maxresdefault.jpg\" data-elementor-lightbox-slideshow=\"gallery-91tl\"><\/a>\r\n      \r\n      <div class=\"image-content\">\r\n         <div class=\"content-inner\">\r\n                           <h3 class=\"title\">ANTALYA KALE\u0130\u00c7\u0130<\/h3>\r\n                                 <\/div>   \r\n      <\/div>\r\n\r\n   <\/div>\r\n<\/div><div class=\"swiper-slide item\">\r\n<div class=\"gallery-item\">\r\n\r\n               <div class=\"image\">\r\n            <img decoding=\"async\" src=\"https:\/\/lupohotel.com\/wp-content\/uploads\/2022\/11\/Turkey-Home-560x690.jpg\" alt=\"ANTALYA YAT L\u0130MANI\" \/>  \r\n         <\/div>\r\n         <a class=\"photo-gallery\" href=\"http:\/\/lupohotel.com\/wp-content\/uploads\/2022\/11\/Turkey-Home.jpg\" data-elementor-lightbox-slideshow=\"gallery-91tl\"><\/a>\r\n      \r\n      <div class=\"image-content\">\r\n         <div class=\"content-inner\">\r\n                           <h3 class=\"title\">ANTALYA YAT L\u0130MANI<\/h3>\r\n                                 <\/div>   \r\n      <\/div>\r\n\r\n   <\/div>\r\n<\/div>\t\t\t<\/div>\r\n\t\t<\/div>\r\n\t<\/div>\r\n\t<div class=\"swiper-pagination\"><\/div>   <div class=\"swiper-nav-next\"><\/div><div class=\"swiper-nav-prev\"><\/div><\/div>\r\n<\/div>\t\t<\/div>\n\t\t\t\t<\/div>\n\t\t\t\t\t<\/div>\n\t\t<\/div>\n\t\t\t\t\t<\/div>\n\t\t<\/section>\n\t\t\t\t<\/div>\n\t\t","protected":false},"excerpt":{"rendered":"<p>Lupo Libero Hotel &amp; Spa is a hotel with 65 rooms and 143 bed capacity, serving in the most central location of Antalya. Lupo Libero Hotel &amp; Spa is a family hotel that values guest satisfaction on every platform to offer our hotel guests a peaceful and relaxing holiday. Offering a new generation boutique hotel [&hellip;]<\/p>\n","protected":false},"author":5,"featured_media":0,"parent":0,"menu_order":0,"comment_status":"closed","ping_status":"closed","template":"","meta":{"footnotes":""},"_links":{"self":[{"href":"https:\/\/lupohotel.com\/en\/wp-json\/wp\/v2\/pages\/3060"}],"collection":[{"href":"https:\/\/lupohotel.com\/en\/wp-json\/wp\/v2\/pages"}],"about":[{"href":"https:\/\/lupohotel.com\/en\/wp-json\/wp\/v2\/types\/page"}],"author":[{"embeddable":true,"href":"https:\/\/lupohotel.com\/en\/wp-json\/wp\/v2\/users\/5"}],"replies":[{"embeddable":true,"href":"https:\/\/lupohotel.com\/en\/wp-json\/wp\/v2\/comments?post=3060"}],"version-history":[{"count":3,"href":"https:\/\/lupohotel.com\/en\/wp-json\/wp\/v2\/pages\/3060\/revisions"}],"predecessor-version":[{"id":3145,"href":"https:\/\/lupohotel.com\/en\/wp-json\/wp\/v2\/pages\/3060\/revisions\/3145"}],"wp:attachment":[{"href":"https:\/\/lupohotel.com\/en\/wp-json\/wp\/v2\/media?parent=3060"}],"curies":[{"name":"wp","href":"https:\/\/api.w.org\/{rel}","templated":true}]}}