{"id":3123,"date":"2024-03-26T18:03:19","date_gmt":"2024-03-26T18:03:19","guid":{"rendered":"https:\/\/lupohotel.com\/spa\/"},"modified":"2024-03-26T18:29:20","modified_gmt":"2024-03-26T18:29:20","slug":"spa","status":"publish","type":"page","link":"https:\/\/lupohotel.com\/de\/spa\/","title":{"rendered":"Spa"},"content":{"rendered":"\t\t<div data-elementor-type=\"wp-page\" data-elementor-id=\"3123\" class=\"elementor elementor-3123 elementor-2087\" data-elementor-post-type=\"page\">\n\t\t\t\t\t\t<section class=\"elementor-section elementor-top-section elementor-element elementor-element-bd3c457 elementor-section-boxed elementor-section-height-default elementor-section-height-default\" data-id=\"bd3c457\" data-element_type=\"section\" data-settings=\"{&quot;background_background&quot;:&quot;classic&quot;}\">\n\t\t\t\t\t\t<div class=\"elementor-container elementor-column-gap-default\">\n\t\t\t\t\t<div class=\"elementor-column elementor-col-100 elementor-top-column elementor-element elementor-element-b2bb5a3\" data-id=\"b2bb5a3\" data-element_type=\"column\">\n\t\t\t<div class=\"elementor-widget-wrap\">\n\t\t\t\t\t\t\t<\/div>\n\t\t<\/div>\n\t\t\t\t\t<\/div>\n\t\t<\/section>\n\t\t\t\t<section class=\"elementor-section elementor-top-section elementor-element elementor-element-fa2aacc elementor-section-boxed elementor-section-height-default elementor-section-height-default\" data-id=\"fa2aacc\" data-element_type=\"section\" data-settings=\"{&quot;background_background&quot;:&quot;classic&quot;}\">\n\t\t\t\t\t\t\t<div class=\"elementor-background-overlay\"><\/div>\n\t\t\t\t\t\t\t<div class=\"elementor-container elementor-column-gap-default\">\n\t\t\t\t\t<div class=\"elementor-column elementor-col-100 elementor-top-column elementor-element elementor-element-8bc4221\" data-id=\"8bc4221\" data-element_type=\"column\">\n\t\t\t<div class=\"elementor-widget-wrap elementor-element-populated\">\n\t\t\t\t\t\t<section class=\"elementor-section elementor-inner-section elementor-element elementor-element-b2c2f18 elementor-section-boxed elementor-section-height-default elementor-section-height-default\" data-id=\"b2c2f18\" data-element_type=\"section\">\n\t\t\t\t\t\t<div class=\"elementor-container elementor-column-gap-default\">\n\t\t\t\t\t<div class=\"elementor-column elementor-col-100 elementor-inner-column elementor-element elementor-element-675e02b\" data-id=\"675e02b\" data-element_type=\"column\">\n\t\t\t<div class=\"elementor-widget-wrap elementor-element-populated\">\n\t\t\t\t\t\t<section class=\"elementor-section elementor-inner-section elementor-element elementor-element-a41828e elementor-section-boxed elementor-section-height-default elementor-section-height-default\" data-id=\"a41828e\" data-element_type=\"section\">\n\t\t\t\t\t\t<div class=\"elementor-container elementor-column-gap-default\">\n\t\t\t\t\t<div class=\"elementor-column elementor-col-100 elementor-inner-column elementor-element elementor-element-55bac72\" data-id=\"55bac72\" data-element_type=\"column\">\n\t\t\t<div class=\"elementor-widget-wrap elementor-element-populated\">\n\t\t\t\t\t\t<div class=\"elementor-element elementor-element-a7b2f0a elementor-widget-divider--view-line elementor-widget elementor-widget-divider\" data-id=\"a7b2f0a\" data-element_type=\"widget\" data-widget_type=\"divider.default\">\n\t\t\t\t<div class=\"elementor-widget-container\">\n\t\t\t\t\t<div class=\"elementor-divider\">\n\t\t\t<span class=\"elementor-divider-separator\">\n\t\t\t\t\t\t<\/span>\n\t\t<\/div>\n\t\t\t\t<\/div>\n\t\t\t\t<\/div>\n\t\t\t\t<div class=\"elementor-element elementor-element-83cf10e elementor-widget elementor-widget-text-editor\" data-id=\"83cf10e\" data-element_type=\"widget\" data-widget_type=\"text-editor.default\">\n\t\t\t\t<div class=\"elementor-widget-container\">\n\t\t\t\t\t\t\t<p>F\u00dcR IHR URLAUBS- UND UNTERKUNFTSERLEBNIS<\/p>\n\t\t\t\t\t\t<\/div>\n\t\t\t\t<\/div>\n\t\t\t\t<div class=\"elementor-element elementor-element-c2b03dc elementor-widget elementor-widget-heading\" data-id=\"c2b03dc\" data-element_type=\"widget\" data-widget_type=\"heading.default\">\n\t\t\t\t<div class=\"elementor-widget-container\">\n\t\t\t<h2 class=\"elementor-heading-title elementor-size-default\">Entdecken Sie das Lupo Libero Hotel & Spa<\/h2>\t\t<\/div>\n\t\t\t\t<\/div>\n\t\t\t\t\t<\/div>\n\t\t<\/div>\n\t\t\t\t\t<\/div>\n\t\t<\/section>\n\t\t\t\t<div class=\"elementor-element elementor-element-8317338 elementor-widget elementor-widget-html\" data-id=\"8317338\" data-element_type=\"widget\" data-widget_type=\"html.default\">\n\t\t\t\t<div class=\"elementor-widget-container\">\n\t\t\t<script>\r\n    var grouphotels = false;\r\n    var widgeturl = \"https:\/\/lupo-libero-spa.rezervasyonal.com\";\r\n    var grouphotelsdata = [{ name: \"Otel 1\", adress: \"https:\/\/demo1.rezervasyonal.com\" }, { name: \"Otel2\", adress: \"https:\/\/demo.rezervasyonal.com\" },];\r\n    var defaultadultcount = 3; \/\/ Default Yeti\u015fkin Say\u0131s\u0131\r\n    var maxchild = 0; \/\/ Maximum \u00c7ocuk Say\u0131s\u0131\r\n    var maxchildage = [5, 8]; \/\/ya\u015f aral\u0131\u011f\u0131. var maxchildage = 8; ya\u015f aral\u0131\u011f\u0131 0 - 8 ya\u015f aras\u0131 olacakt\u0131r. \r\n    var maxadult = 5; \/\/ Maximum Yeti\u015fkin Say\u0131s\u0131\r\n    var RoomTypeGroupId = \"\"; \/\/Room Type Gorup Id\r\n    var RoomTypeId = \"\"; \/\/ RoomTypeId;\r\n    var nightselect = true; \/\/ Gece Say\u0131s\u0131n\u0131 Se\u00e7erek tarihleri g\u00fcnceller\r\n    var currency = \"TRY\"; \/\/ Para Birimi \r\n    var lang = \"en\"; \/\/ \"tr\" veya \"en\"\r\n<\/script>\r\n<script src=\"https:\/\/www.rezervasyonal.com\/widget\/widgetbar\/assets\/widget.js\"><\/script>\r\n<div id=\"elektraweb-widget-area\"><\/div>\r\n\t\t<\/div>\n\t\t\t\t<\/div>\n\t\t\t\t\t<\/div>\n\t\t<\/div>\n\t\t\t\t\t<\/div>\n\t\t<\/section>\n\t\t\t\t\t<\/div>\n\t\t<\/div>\n\t\t\t\t\t<\/div>\n\t\t<\/section>\n\t\t\t\t<section class=\"elementor-section elementor-top-section elementor-element elementor-element-9325a9c elementor-section-boxed elementor-section-height-default elementor-section-height-default\" data-id=\"9325a9c\" data-element_type=\"section\">\n\t\t\t\t\t\t<div class=\"elementor-container elementor-column-gap-default\">\n\t\t\t\t\t<div class=\"elementor-column elementor-col-100 elementor-top-column elementor-element elementor-element-b698ab3\" data-id=\"b698ab3\" data-element_type=\"column\">\n\t\t\t<div class=\"elementor-widget-wrap elementor-element-populated\">\n\t\t\t\t\t\t<div class=\"elementor-element elementor-element-e61e4b8 elementor-widget elementor-widget-heading\" data-id=\"e61e4b8\" data-element_type=\"widget\" data-widget_type=\"heading.default\">\n\t\t\t\t<div class=\"elementor-widget-container\">\n\t\t\t<h2 class=\"elementor-heading-title elementor-size-default\">Lupo Libero Hotel & Spa<\/h2>\t\t<\/div>\n\t\t\t\t<\/div>\n\t\t\t\t<div class=\"elementor-element elementor-element-91ce7a3 elementor-widget-divider--view-line elementor-widget elementor-widget-divider\" data-id=\"91ce7a3\" data-element_type=\"widget\" data-widget_type=\"divider.default\">\n\t\t\t\t<div class=\"elementor-widget-container\">\n\t\t\t\t\t<div class=\"elementor-divider\">\n\t\t\t<span class=\"elementor-divider-separator\">\n\t\t\t\t\t\t<\/span>\n\t\t<\/div>\n\t\t\t\t<\/div>\n\t\t\t\t<\/div>\n\t\t\t\t<div class=\"elementor-element elementor-element-0a26e97 elementor-widget elementor-widget-text-editor\" data-id=\"0a26e97\" data-element_type=\"widget\" data-widget_type=\"text-editor.default\">\n\t\t\t\t<div class=\"elementor-widget-container\">\n\t\t\t\t\t\t\t<p>Das Lupo Libero Hotel Spa verbindet \u00f6stliche und westliche Wellness-Philosophien und schafft eine Oase der Ruhe, indem es die Lage der T\u00fcrkei als Treffpunkt von Ost und West aufgreift.<\/p>\n<p>Unser Lupo Libero Hotel &amp; Spa Zentrum ist komfortabel und gem\u00fctlich eingerichtet, und in dem Zentrum, in dem SPA-Technologien zum Einsatz kommen, wird sich Ihr K\u00f6rper erneuern und Ihre Seele durch den Service des sehr erfahrenen und fachkundigen Personals erholen. In unserem SPA-Zentrum werden bei allen angewandten Therapien Produkte verwendet, die von ber\u00fchmten SPA-Experten empfohlen werden.<\/p>\n<p>Mit 4 Massager\u00e4umen, Dampfbad, Sauna, T\u00fcrkischem Bad, Sauna, T\u00fcrkischem Bad, Fitnessraum, freut sich unser Lupo Libero Spa Centre auf seine gesch\u00e4tzten G\u00e4ste, die K\u00f6rper und Seele verw\u00f6hnen m\u00f6chten.<\/p>\n\t\t\t\t\t\t<\/div>\n\t\t\t\t<\/div>\n\t\t\t\t\t<\/div>\n\t\t<\/div>\n\t\t\t\t\t<\/div>\n\t\t<\/section>\n\t\t\t\t<section class=\"elementor-section elementor-top-section elementor-element elementor-element-2822fb9 elementor-section-boxed elementor-section-height-default elementor-section-height-default\" data-id=\"2822fb9\" data-element_type=\"section\">\n\t\t\t\t\t\t<div class=\"elementor-container elementor-column-gap-default\">\n\t\t\t\t\t<div class=\"elementor-column elementor-col-33 elementor-top-column elementor-element elementor-element-f599446\" data-id=\"f599446\" data-element_type=\"column\">\n\t\t\t<div class=\"elementor-widget-wrap elementor-element-populated\">\n\t\t\t\t\t\t<div class=\"elementor-element elementor-element-4b81b95 elementor-widget elementor-widget-image\" data-id=\"4b81b95\" data-element_type=\"widget\" data-widget_type=\"image.default\">\n\t\t\t\t<div class=\"elementor-widget-container\">\n\t\t\t\t\t\t\t\t\t\t\t\t\t<img fetchpriority=\"high\" decoding=\"async\" width=\"900\" height=\"544\" src=\"https:\/\/lupohotel.com\/wp-content\/uploads\/2024\/02\/spa-loby-1024x619.jpg\" class=\"attachment-large size-large wp-image-2089\" alt=\"\" srcset=\"https:\/\/lupohotel.com\/wp-content\/uploads\/2024\/02\/spa-loby-1024x619.jpg 1024w, https:\/\/lupohotel.com\/wp-content\/uploads\/2024\/02\/spa-loby-768x464.jpg 768w\" sizes=\"(max-width: 900px) 100vw, 900px\" \/>\t\t\t\t\t\t\t\t\t\t\t\t\t<\/div>\n\t\t\t\t<\/div>\n\t\t\t\t<div class=\"elementor-element elementor-element-4d4de26 elementor-widget elementor-widget-heading\" data-id=\"4d4de26\" data-element_type=\"widget\" data-widget_type=\"heading.default\">\n\t\t\t\t<div class=\"elementor-widget-container\">\n\t\t\t<h2 class=\"elementor-heading-title elementor-size-default\">SPA REZEPTION LOBBY<\/h2>\t\t<\/div>\n\t\t\t\t<\/div>\n\t\t\t\t<div class=\"elementor-element elementor-element-8891056 elementor-widget elementor-widget-text-editor\" data-id=\"8891056\" data-element_type=\"widget\" data-widget_type=\"text-editor.default\">\n\t\t\t\t<div class=\"elementor-widget-container\">\n\t\t\t\t\t\t\t<p>Die ruhige Umgebung der Lobby unseres Lupo Libero Hotel Spa Zentrums ist der Treffpunkt f\u00fcr angenehme Gespr\u00e4che unserer G\u00e4ste.<\/p>\n\t\t\t\t\t\t<\/div>\n\t\t\t\t<\/div>\n\t\t\t\t\t<\/div>\n\t\t<\/div>\n\t\t\t\t<div class=\"elementor-column elementor-col-33 elementor-top-column elementor-element elementor-element-9beba9d\" data-id=\"9beba9d\" data-element_type=\"column\">\n\t\t\t<div class=\"elementor-widget-wrap elementor-element-populated\">\n\t\t\t\t\t\t<div class=\"elementor-element elementor-element-1aa02df elementor-widget elementor-widget-image\" data-id=\"1aa02df\" data-element_type=\"widget\" data-widget_type=\"image.default\">\n\t\t\t\t<div class=\"elementor-widget-container\">\n\t\t\t\t\t\t\t\t\t\t\t\t\t<img decoding=\"async\" width=\"2267\" height=\"1353\" src=\"https:\/\/lupohotel.com\/wp-content\/uploads\/2024\/02\/sauna.jpg\" class=\"attachment-full size-full wp-image-2090\" alt=\"\" srcset=\"https:\/\/lupohotel.com\/wp-content\/uploads\/2024\/02\/sauna.jpg 2267w, https:\/\/lupohotel.com\/wp-content\/uploads\/2024\/02\/sauna-1024x611.jpg 1024w, https:\/\/lupohotel.com\/wp-content\/uploads\/2024\/02\/sauna-768x458.jpg 768w\" sizes=\"(max-width: 2267px) 100vw, 2267px\" \/>\t\t\t\t\t\t\t\t\t\t\t\t\t<\/div>\n\t\t\t\t<\/div>\n\t\t\t\t<div class=\"elementor-element elementor-element-b1bf9b2 elementor-widget elementor-widget-heading\" data-id=\"b1bf9b2\" data-element_type=\"widget\" data-widget_type=\"heading.default\">\n\t\t\t\t<div class=\"elementor-widget-container\">\n\t\t\t<h2 class=\"elementor-heading-title elementor-size-default\">Sauna<\/h2>\t\t<\/div>\n\t\t\t\t<\/div>\n\t\t\t\t<div class=\"elementor-element elementor-element-e18f78e elementor-widget elementor-widget-text-editor\" data-id=\"e18f78e\" data-element_type=\"widget\" data-widget_type=\"text-editor.default\">\n\t\t\t\t<div class=\"elementor-widget-container\">\n\t\t\t\t\t\t\t<p>In der Lupo-Sauna k\u00f6nnen Sie den Stress des Tages mit der entspannenden und erholsamen Wirkung der Sauna abbauen.<\/p>\n\t\t\t\t\t\t<\/div>\n\t\t\t\t<\/div>\n\t\t\t\t\t<\/div>\n\t\t<\/div>\n\t\t\t\t<div class=\"elementor-column elementor-col-33 elementor-top-column elementor-element elementor-element-76997c8\" data-id=\"76997c8\" data-element_type=\"column\">\n\t\t\t<div class=\"elementor-widget-wrap elementor-element-populated\">\n\t\t\t\t\t\t<div class=\"elementor-element elementor-element-4182926 elementor-widget elementor-widget-image\" data-id=\"4182926\" data-element_type=\"widget\" data-widget_type=\"image.default\">\n\t\t\t\t<div class=\"elementor-widget-container\">\n\t\t\t\t\t\t\t\t\t\t\t\t\t<img decoding=\"async\" width=\"900\" height=\"576\" src=\"https:\/\/lupohotel.com\/wp-content\/uploads\/2024\/02\/Turk-hamami-e1706978007151-1024x655.jpg\" class=\"attachment-large size-large wp-image-2091\" alt=\"\" srcset=\"https:\/\/lupohotel.com\/wp-content\/uploads\/2024\/02\/Turk-hamami-e1706978007151-1024x655.jpg 1024w, https:\/\/lupohotel.com\/wp-content\/uploads\/2024\/02\/Turk-hamami-e1706978007151-768x491.jpg 768w\" sizes=\"(max-width: 900px) 100vw, 900px\" \/>\t\t\t\t\t\t\t\t\t\t\t\t\t<\/div>\n\t\t\t\t<\/div>\n\t\t\t\t<div class=\"elementor-element elementor-element-87097a0 elementor-widget elementor-widget-heading\" data-id=\"87097a0\" data-element_type=\"widget\" data-widget_type=\"heading.default\">\n\t\t\t\t<div class=\"elementor-widget-container\">\n\t\t\t<h2 class=\"elementor-heading-title elementor-size-default\">T\u00dcRKISCHES BAD<\/h2>\t\t<\/div>\n\t\t\t\t<\/div>\n\t\t\t\t<div class=\"elementor-element elementor-element-780db7f elementor-widget elementor-widget-text-editor\" data-id=\"780db7f\" data-element_type=\"widget\" data-widget_type=\"text-editor.default\">\n\t\t\t\t<div class=\"elementor-widget-container\">\n\t\t\t\t\t\t\t<p class=\"p1\"><span class=\"s1\">Das Lupo Libero Hotel &amp; Spa bietet seinen G\u00e4sten ein au\u00dfergew\u00f6hnliches t\u00fcrkisches Badeerlebnis, das von den traditionellen osmanischen Palastb\u00e4dern inspiriert ist.<\/span><\/p>\n\t\t\t\t\t\t<\/div>\n\t\t\t\t<\/div>\n\t\t\t\t\t<\/div>\n\t\t<\/div>\n\t\t\t\t\t<\/div>\n\t\t<\/section>\n\t\t\t\t<section class=\"elementor-section elementor-top-section elementor-element elementor-element-d3a7bc6 elementor-section-boxed elementor-section-height-default elementor-section-height-default\" data-id=\"d3a7bc6\" data-element_type=\"section\">\n\t\t\t\t\t\t<div class=\"elementor-container elementor-column-gap-default\">\n\t\t\t\t\t<div class=\"elementor-column elementor-col-25 elementor-top-column elementor-element elementor-element-57925b2\" data-id=\"57925b2\" data-element_type=\"column\">\n\t\t\t<div class=\"elementor-widget-wrap elementor-element-populated\">\n\t\t\t\t\t\t<div class=\"elementor-element elementor-element-58791aa elementor-widget elementor-widget-image\" data-id=\"58791aa\" data-element_type=\"widget\" data-widget_type=\"image.default\">\n\t\t\t\t<div class=\"elementor-widget-container\">\n\t\t\t\t\t\t\t\t\t\t\t\t\t<img loading=\"lazy\" decoding=\"async\" width=\"900\" height=\"603\" src=\"https:\/\/lupohotel.com\/wp-content\/uploads\/2024\/02\/buhar-1024x686.jpg\" class=\"attachment-large size-large wp-image-2096\" alt=\"\" srcset=\"https:\/\/lupohotel.com\/wp-content\/uploads\/2024\/02\/buhar-1024x686.jpg 1024w, https:\/\/lupohotel.com\/wp-content\/uploads\/2024\/02\/buhar-768x514.jpg 768w\" sizes=\"(max-width: 900px) 100vw, 900px\" \/>\t\t\t\t\t\t\t\t\t\t\t\t\t<\/div>\n\t\t\t\t<\/div>\n\t\t\t\t<div class=\"elementor-element elementor-element-2991503 elementor-widget elementor-widget-heading\" data-id=\"2991503\" data-element_type=\"widget\" data-widget_type=\"heading.default\">\n\t\t\t\t<div class=\"elementor-widget-container\">\n\t\t\t<h2 class=\"elementor-heading-title elementor-size-default\">DAMPFBAD<\/h2>\t\t<\/div>\n\t\t\t\t<\/div>\n\t\t\t\t<div class=\"elementor-element elementor-element-fd920be elementor-widget elementor-widget-text-editor\" data-id=\"fd920be\" data-element_type=\"widget\" data-widget_type=\"text-editor.default\">\n\t\t\t\t<div class=\"elementor-widget-container\">\n\t\t\t\t\t\t\t<p>Am Ende eines sportlichen oder anstrengenden Tages wird unser Dampfbad nach der Sauna eine sehr entspannende Wirkung auf Ihren K\u00f6rper haben.<\/p>\n\t\t\t\t\t\t<\/div>\n\t\t\t\t<\/div>\n\t\t\t\t\t<\/div>\n\t\t<\/div>\n\t\t\t\t<div class=\"elementor-column elementor-col-25 elementor-top-column elementor-element elementor-element-90ce056\" data-id=\"90ce056\" data-element_type=\"column\">\n\t\t\t<div class=\"elementor-widget-wrap elementor-element-populated\">\n\t\t\t\t\t\t<div class=\"elementor-element elementor-element-301b4fe elementor-widget elementor-widget-image\" data-id=\"301b4fe\" data-element_type=\"widget\" data-widget_type=\"image.default\">\n\t\t\t\t<div class=\"elementor-widget-container\">\n\t\t\t\t\t\t\t\t\t\t\t\t\t<img loading=\"lazy\" decoding=\"async\" width=\"2062\" height=\"1381\" src=\"https:\/\/lupohotel.com\/wp-content\/uploads\/2024\/02\/masaj.jpg\" class=\"attachment-full size-full wp-image-2097\" alt=\"\" srcset=\"https:\/\/lupohotel.com\/wp-content\/uploads\/2024\/02\/masaj.jpg 2062w, https:\/\/lupohotel.com\/wp-content\/uploads\/2024\/02\/masaj-1024x686.jpg 1024w, https:\/\/lupohotel.com\/wp-content\/uploads\/2024\/02\/masaj-768x514.jpg 768w\" sizes=\"(max-width: 2062px) 100vw, 2062px\" \/>\t\t\t\t\t\t\t\t\t\t\t\t\t<\/div>\n\t\t\t\t<\/div>\n\t\t\t\t<div class=\"elementor-element elementor-element-3cb02d2 elementor-widget elementor-widget-heading\" data-id=\"3cb02d2\" data-element_type=\"widget\" data-widget_type=\"heading.default\">\n\t\t\t\t<div class=\"elementor-widget-container\">\n\t\t\t<h2 class=\"elementor-heading-title elementor-size-default\">MASSAGERAUM<\/h2>\t\t<\/div>\n\t\t\t\t<\/div>\n\t\t\t\t<div class=\"elementor-element elementor-element-eaa312e elementor-widget elementor-widget-text-editor\" data-id=\"eaa312e\" data-element_type=\"widget\" data-widget_type=\"text-editor.default\">\n\t\t\t\t<div class=\"elementor-widget-container\">\n\t\t\t\t\t\t\t<p>Bei den Massagen, die Sie in unseren Massager\u00e4umen von kompetenten H\u00e4nden erhalten, werden Sie die Bedeutung der k\u00f6rperlichen und geistigen Heilung erkennen.<\/p>\n\t\t\t\t\t\t<\/div>\n\t\t\t\t<\/div>\n\t\t\t\t\t<\/div>\n\t\t<\/div>\n\t\t\t\t<div class=\"elementor-column elementor-col-25 elementor-top-column elementor-element elementor-element-cf0a810\" data-id=\"cf0a810\" data-element_type=\"column\">\n\t\t\t<div class=\"elementor-widget-wrap elementor-element-populated\">\n\t\t\t\t\t\t<div class=\"elementor-element elementor-element-0e10188 elementor-widget elementor-widget-image\" data-id=\"0e10188\" data-element_type=\"widget\" data-widget_type=\"image.default\">\n\t\t\t\t<div class=\"elementor-widget-container\">\n\t\t\t\t\t\t\t\t\t\t\t\t\t<img loading=\"lazy\" decoding=\"async\" width=\"900\" height=\"602\" src=\"https:\/\/lupohotel.com\/wp-content\/uploads\/2024\/02\/jakuzi-1024x685.jpg\" class=\"attachment-large size-large wp-image-2099\" alt=\"\" srcset=\"https:\/\/lupohotel.com\/wp-content\/uploads\/2024\/02\/jakuzi-1024x685.jpg 1024w, https:\/\/lupohotel.com\/wp-content\/uploads\/2024\/02\/jakuzi-768x514.jpg 768w\" sizes=\"(max-width: 900px) 100vw, 900px\" \/>\t\t\t\t\t\t\t\t\t\t\t\t\t<\/div>\n\t\t\t\t<\/div>\n\t\t\t\t<div class=\"elementor-element elementor-element-a924128 elementor-widget elementor-widget-heading\" data-id=\"a924128\" data-element_type=\"widget\" data-widget_type=\"heading.default\">\n\t\t\t\t<div class=\"elementor-widget-container\">\n\t\t\t<h2 class=\"elementor-heading-title elementor-size-default\">SPA ZENTRUM JACUZZI\u2028<\/h2>\t\t<\/div>\n\t\t\t\t<\/div>\n\t\t\t\t<div class=\"elementor-element elementor-element-3981a0e elementor-widget elementor-widget-text-editor\" data-id=\"3981a0e\" data-element_type=\"widget\" data-widget_type=\"text-editor.default\">\n\t\t\t\t<div class=\"elementor-widget-container\">\n\t\t\t\t\t\t\t<p class=\"p1\"><span class=\"s1\">Wie w\u00e4re es, wenn Sie nach den Spa- Behandlungen Ihr Spa-Vergn\u00fcgen in unserem Jacuzzi im Spa- Zentrum kr\u00f6nen?<\/span><\/p>\n\t\t\t\t\t\t<\/div>\n\t\t\t\t<\/div>\n\t\t\t\t\t<\/div>\n\t\t<\/div>\n\t\t\t\t<div class=\"elementor-column elementor-col-25 elementor-top-column elementor-element elementor-element-ae83376\" data-id=\"ae83376\" data-element_type=\"column\">\n\t\t\t<div class=\"elementor-widget-wrap elementor-element-populated\">\n\t\t\t\t\t\t<div class=\"elementor-element elementor-element-26f6163 elementor-widget elementor-widget-image\" data-id=\"26f6163\" data-element_type=\"widget\" data-widget_type=\"image.default\">\n\t\t\t\t<div class=\"elementor-widget-container\">\n\t\t\t\t\t\t\t\t\t\t\t\t\t<img loading=\"lazy\" decoding=\"async\" width=\"900\" height=\"602\" src=\"https:\/\/lupohotel.com\/wp-content\/uploads\/2024\/02\/fitness-1024x685.jpg\" class=\"attachment-large size-large wp-image-2098\" alt=\"\" srcset=\"https:\/\/lupohotel.com\/wp-content\/uploads\/2024\/02\/fitness-1024x685.jpg 1024w, https:\/\/lupohotel.com\/wp-content\/uploads\/2024\/02\/fitness-768x514.jpg 768w\" sizes=\"(max-width: 900px) 100vw, 900px\" \/>\t\t\t\t\t\t\t\t\t\t\t\t\t<\/div>\n\t\t\t\t<\/div>\n\t\t\t\t<div class=\"elementor-element elementor-element-0f89f1d elementor-widget elementor-widget-heading\" data-id=\"0f89f1d\" data-element_type=\"widget\" data-widget_type=\"heading.default\">\n\t\t\t\t<div class=\"elementor-widget-container\">\n\t\t\t<h2 class=\"elementor-heading-title elementor-size-default\">FITNESS SALON<\/h2>\t\t<\/div>\n\t\t\t\t<\/div>\n\t\t\t\t<div class=\"elementor-element elementor-element-e956d38 elementor-widget elementor-widget-text-editor\" data-id=\"e956d38\" data-element_type=\"widget\" data-widget_type=\"text-editor.default\">\n\t\t\t\t<div class=\"elementor-widget-container\">\n\t\t\t\t\t\t\t<p>F\u00fcr unsere G\u00e4ste, die w\u00e4hrend ihres Urlaubs fit und dynamisch bleiben wollen, bietet unser Lupo Fitness- Zentrum die M\u00f6glichkeit, ihren K\u00f6rper mit den neuesten Ger\u00e4ten in Form zu halten. <\/p>\n\t\t\t\t\t\t<\/div>\n\t\t\t\t<\/div>\n\t\t\t\t\t<\/div>\n\t\t<\/div>\n\t\t\t\t\t<\/div>\n\t\t<\/section>\n\t\t\t\t<\/div>\n\t\t","protected":false},"excerpt":{"rendered":"<p>F\u00dcR IHR URLAUBS- UND UNTERKUNFTSERLEBNIS Entdecken Sie das Lupo Libero Hotel &#038; Spa Lupo Libero Hotel &#038; Spa Das Lupo Libero Hotel Spa verbindet \u00f6stliche und westliche Wellness-Philosophien und schafft eine Oase der Ruhe, indem es die Lage der T\u00fcrkei als Treffpunkt von Ost und West aufgreift. Unser Lupo Libero Hotel &amp; Spa Zentrum ist [&hellip;]<\/p>\n","protected":false},"author":5,"featured_media":0,"parent":0,"menu_order":0,"comment_status":"closed","ping_status":"closed","template":"","meta":{"footnotes":""},"_links":{"self":[{"href":"https:\/\/lupohotel.com\/de\/wp-json\/wp\/v2\/pages\/3123"}],"collection":[{"href":"https:\/\/lupohotel.com\/de\/wp-json\/wp\/v2\/pages"}],"about":[{"href":"https:\/\/lupohotel.com\/de\/wp-json\/wp\/v2\/types\/page"}],"author":[{"embeddable":true,"href":"https:\/\/lupohotel.com\/de\/wp-json\/wp\/v2\/users\/5"}],"replies":[{"embeddable":true,"href":"https:\/\/lupohotel.com\/de\/wp-json\/wp\/v2\/comments?post=3123"}],"version-history":[{"count":5,"href":"https:\/\/lupohotel.com\/de\/wp-json\/wp\/v2\/pages\/3123\/revisions"}],"predecessor-version":[{"id":3140,"href":"https:\/\/lupohotel.com\/de\/wp-json\/wp\/v2\/pages\/3123\/revisions\/3140"}],"wp:attachment":[{"href":"https:\/\/lupohotel.com\/de\/wp-json\/wp\/v2\/media?parent=3123"}],"curies":[{"name":"wp","href":"https:\/\/api.w.org\/{rel}","templated":true}]}}