{"id":3117,"date":"2024-03-26T17:54:40","date_gmt":"2024-03-26T17:54:40","guid":{"rendered":"https:\/\/lupohotel.com\/restaurant\/"},"modified":"2024-03-26T18:27:02","modified_gmt":"2024-03-26T18:27:02","slug":"restaurant","status":"publish","type":"page","link":"https:\/\/lupohotel.com\/de\/restaurant\/","title":{"rendered":"RESTAURANT"},"content":{"rendered":"\t\t<div data-elementor-type=\"wp-page\" data-elementor-id=\"3117\" class=\"elementor elementor-3117 elementor-2080\" data-elementor-post-type=\"page\">\n\t\t\t\t\t\t<section class=\"elementor-section elementor-top-section elementor-element elementor-element-bd3c457 elementor-section-boxed elementor-section-height-default elementor-section-height-default\" data-id=\"bd3c457\" data-element_type=\"section\" data-settings=\"{&quot;background_background&quot;:&quot;classic&quot;}\">\n\t\t\t\t\t\t<div class=\"elementor-container elementor-column-gap-default\">\n\t\t\t\t\t<div class=\"elementor-column elementor-col-100 elementor-top-column elementor-element elementor-element-b2bb5a3\" data-id=\"b2bb5a3\" data-element_type=\"column\">\n\t\t\t<div class=\"elementor-widget-wrap\">\n\t\t\t\t\t\t\t<\/div>\n\t\t<\/div>\n\t\t\t\t\t<\/div>\n\t\t<\/section>\n\t\t\t\t<section class=\"elementor-section elementor-top-section elementor-element elementor-element-b38bd33 elementor-section-boxed elementor-section-height-default elementor-section-height-default\" data-id=\"b38bd33\" data-element_type=\"section\">\n\t\t\t\t\t\t<div class=\"elementor-container elementor-column-gap-default\">\n\t\t\t\t\t<div class=\"elementor-column elementor-col-100 elementor-top-column elementor-element elementor-element-7b13111\" data-id=\"7b13111\" data-element_type=\"column\">\n\t\t\t<div class=\"elementor-widget-wrap elementor-element-populated\">\n\t\t\t\t\t\t<div class=\"elementor-element elementor-element-5c02f37 elementor-widget elementor-widget-image\" data-id=\"5c02f37\" data-element_type=\"widget\" data-widget_type=\"image.default\">\n\t\t\t\t<div class=\"elementor-widget-container\">\n\t\t\t\t\t\t\t\t\t\t\t\t\t<img fetchpriority=\"high\" decoding=\"async\" width=\"1600\" height=\"1067\" src=\"https:\/\/lupohotel.com\/wp-content\/uploads\/2024\/02\/restaurant.jpeg\" class=\"attachment-full size-full wp-image-2082\" alt=\"\" srcset=\"https:\/\/lupohotel.com\/wp-content\/uploads\/2024\/02\/restaurant.jpeg 1600w, https:\/\/lupohotel.com\/wp-content\/uploads\/2024\/02\/restaurant-1024x683.jpeg 1024w, https:\/\/lupohotel.com\/wp-content\/uploads\/2024\/02\/restaurant-768x512.jpeg 768w\" sizes=\"(max-width: 1600px) 100vw, 1600px\" \/>\t\t\t\t\t\t\t\t\t\t\t\t\t<\/div>\n\t\t\t\t<\/div>\n\t\t\t\t\t<\/div>\n\t\t<\/div>\n\t\t\t\t\t<\/div>\n\t\t<\/section>\n\t\t\t\t<section class=\"elementor-section elementor-top-section elementor-element elementor-element-bbb1ebc elementor-section-boxed elementor-section-height-default elementor-section-height-default\" data-id=\"bbb1ebc\" data-element_type=\"section\">\n\t\t\t\t\t\t<div class=\"elementor-container elementor-column-gap-default\">\n\t\t\t\t\t<div class=\"elementor-column elementor-col-100 elementor-top-column elementor-element elementor-element-431d106\" data-id=\"431d106\" data-element_type=\"column\">\n\t\t\t<div class=\"elementor-widget-wrap elementor-element-populated\">\n\t\t\t\t\t\t<div class=\"elementor-element elementor-element-38f06cb elementor-widget elementor-widget-text-editor\" data-id=\"38f06cb\" data-element_type=\"widget\" data-widget_type=\"text-editor.default\">\n\t\t\t\t<div class=\"elementor-widget-container\">\n\t\t\t\t\t\t\t<p class=\"p1\"><span class=\"s1\">Im Lupo Libero beginnen unsere G\u00e4ste ihren Tag mit unserem offenen Fr\u00fchst\u00fccksbuffet, das aus reichhaltigen Inhalten und k\u00f6stlichen Produkten besteht, gl\u00fccklich und erfrischt .<\/span><\/p>\n\t\t\t\t\t\t<\/div>\n\t\t\t\t<\/div>\n\t\t\t\t<div class=\"elementor-element elementor-element-231bd64 elementor-widget-divider--view-line elementor-widget elementor-widget-divider\" data-id=\"231bd64\" data-element_type=\"widget\" data-widget_type=\"divider.default\">\n\t\t\t\t<div class=\"elementor-widget-container\">\n\t\t\t\t\t<div class=\"elementor-divider\">\n\t\t\t<span class=\"elementor-divider-separator\">\n\t\t\t\t\t\t<\/span>\n\t\t<\/div>\n\t\t\t\t<\/div>\n\t\t\t\t<\/div>\n\t\t\t\t\t<\/div>\n\t\t<\/div>\n\t\t\t\t\t<\/div>\n\t\t<\/section>\n\t\t\t\t<\/div>\n\t\t","protected":false},"excerpt":{"rendered":"<p>Im Lupo Libero beginnen unsere G\u00e4ste ihren Tag mit unserem offenen Fr\u00fchst\u00fccksbuffet, das aus reichhaltigen Inhalten und k\u00f6stlichen Produkten besteht, gl\u00fccklich und erfrischt .<\/p>\n","protected":false},"author":5,"featured_media":0,"parent":0,"menu_order":0,"comment_status":"closed","ping_status":"closed","template":"","meta":{"footnotes":""},"_links":{"self":[{"href":"https:\/\/lupohotel.com\/de\/wp-json\/wp\/v2\/pages\/3117"}],"collection":[{"href":"https:\/\/lupohotel.com\/de\/wp-json\/wp\/v2\/pages"}],"about":[{"href":"https:\/\/lupohotel.com\/de\/wp-json\/wp\/v2\/types\/page"}],"author":[{"embeddable":true,"href":"https:\/\/lupohotel.com\/de\/wp-json\/wp\/v2\/users\/5"}],"replies":[{"embeddable":true,"href":"https:\/\/lupohotel.com\/de\/wp-json\/wp\/v2\/comments?post=3117"}],"version-history":[{"count":1,"href":"https:\/\/lupohotel.com\/de\/wp-json\/wp\/v2\/pages\/3117\/revisions"}],"predecessor-version":[{"id":3119,"href":"https:\/\/lupohotel.com\/de\/wp-json\/wp\/v2\/pages\/3117\/revisions\/3119"}],"wp:attachment":[{"href":"https:\/\/lupohotel.com\/de\/wp-json\/wp\/v2\/media?parent=3117"}],"curies":[{"name":"wp","href":"https:\/\/api.w.org\/{rel}","templated":true}]}}