{"id":3063,"date":"2024-03-26T14:06:24","date_gmt":"2024-03-26T14:06:24","guid":{"rendered":"https:\/\/lupohotel.com\/ueber-uns\/"},"modified":"2024-03-26T14:06:48","modified_gmt":"2024-03-26T14:06:48","slug":"ueber-uns","status":"publish","type":"page","link":"https:\/\/lupohotel.com\/de\/ueber-uns\/","title":{"rendered":"\u00dcBER UNS"},"content":{"rendered":"\t\t<div data-elementor-type=\"wp-page\" data-elementor-id=\"3063\" class=\"elementor elementor-3063 elementor-1778\" data-elementor-post-type=\"page\">\n\t\t\t\t\t\t<section class=\"elementor-section elementor-top-section elementor-element elementor-element-bd3c457 elementor-section-boxed elementor-section-height-default elementor-section-height-default\" data-id=\"bd3c457\" data-element_type=\"section\" data-settings=\"{&quot;background_background&quot;:&quot;classic&quot;}\">\n\t\t\t\t\t\t<div class=\"elementor-container elementor-column-gap-default\">\n\t\t\t\t\t<div class=\"elementor-column elementor-col-100 elementor-top-column elementor-element elementor-element-b2bb5a3\" data-id=\"b2bb5a3\" data-element_type=\"column\">\n\t\t\t<div class=\"elementor-widget-wrap\">\n\t\t\t\t\t\t\t<\/div>\n\t\t<\/div>\n\t\t\t\t\t<\/div>\n\t\t<\/section>\n\t\t\t\t<section class=\"elementor-section elementor-top-section elementor-element elementor-element-b38bd33 elementor-section-boxed elementor-section-height-default elementor-section-height-default\" data-id=\"b38bd33\" data-element_type=\"section\">\n\t\t\t\t\t\t<div class=\"elementor-container elementor-column-gap-default\">\n\t\t\t\t\t<div class=\"elementor-column elementor-col-100 elementor-top-column elementor-element elementor-element-7b13111\" data-id=\"7b13111\" data-element_type=\"column\">\n\t\t\t<div class=\"elementor-widget-wrap elementor-element-populated\">\n\t\t\t\t\t\t<div class=\"elementor-element elementor-element-5c02f37 elementor-widget elementor-widget-image\" data-id=\"5c02f37\" data-element_type=\"widget\" data-widget_type=\"image.default\">\n\t\t\t\t<div class=\"elementor-widget-container\">\n\t\t\t\t\t\t\t\t\t\t\t\t\t<img fetchpriority=\"high\" decoding=\"async\" width=\"1750\" height=\"985\" src=\"https:\/\/lupohotel.com\/wp-content\/uploads\/2022\/07\/lupohotels.jpg\" class=\"attachment-full size-full wp-image-1564\" alt=\"\" srcset=\"https:\/\/lupohotel.com\/wp-content\/uploads\/2022\/07\/lupohotels.jpg 1750w, https:\/\/lupohotel.com\/wp-content\/uploads\/2022\/07\/lupohotels-1024x576.jpg 1024w, https:\/\/lupohotel.com\/wp-content\/uploads\/2022\/07\/lupohotels-768x432.jpg 768w\" sizes=\"(max-width: 1750px) 100vw, 1750px\" \/>\t\t\t\t\t\t\t\t\t\t\t\t\t<\/div>\n\t\t\t\t<\/div>\n\t\t\t\t\t<\/div>\n\t\t<\/div>\n\t\t\t\t\t<\/div>\n\t\t<\/section>\n\t\t\t\t<section class=\"elementor-section elementor-top-section elementor-element elementor-element-bbb1ebc elementor-section-boxed elementor-section-height-default elementor-section-height-default\" data-id=\"bbb1ebc\" data-element_type=\"section\">\n\t\t\t\t\t\t<div class=\"elementor-container elementor-column-gap-default\">\n\t\t\t\t\t<div class=\"elementor-column elementor-col-100 elementor-top-column elementor-element elementor-element-431d106\" data-id=\"431d106\" data-element_type=\"column\">\n\t\t\t<div class=\"elementor-widget-wrap elementor-element-populated\">\n\t\t\t\t\t\t<div class=\"elementor-element elementor-element-38f06cb elementor-widget elementor-widget-text-editor\" data-id=\"38f06cb\" data-element_type=\"widget\" data-widget_type=\"text-editor.default\">\n\t\t\t\t<div class=\"elementor-widget-container\">\n\t\t\t\t\t\t\t<p><b>Das Lupo Libero Hotel &amp; <\/b><b>Spa<\/b> befindet sich in zentraler Lage von Antalya und verf\u00fcgt \u00fcber eine Kapazit\u00e4t von 143 Betten und<b> 65<\/b> Zimmern.<\/p>\n<p><b>Das Lupo Libero Hotel &amp; <\/b><b>Spa<\/b> ist ein Familienhotel, das auf allen Ebenen Wert auf die Zufriedenheit seiner G\u00e4ste legt, um ihnen einen ruhigen und erholsamen Urlaub zu bieten.<\/p>\n<p>Unser Hotel, das seinen G\u00e4sten das Konzept eines Boutique-Hotels der neuen Generation bietet, bedient sich des Konzepts von Bett und Fr\u00fchst\u00fcck.<\/p>\n<p>F\u00fcr unsere G\u00e4ste, die w\u00e4hrend ihres Urlaubs fit und dynamisch bleiben wollen, bietet unser Fitnesscenter die M\u00f6glichkeit, ihren K\u00f6rper mit technologischen Ger\u00e4ten in Form zu halten. Unser <b>SPA<\/b>&#8211; Zentrum, das seine T\u00fcren f\u00fcr unsere distinguierten G\u00e4ste \u00f6ffnet, wird Ihren Urlaub unverzichtbar machen.<\/p>\n<p><b>Das Lupo Libero Hotel &amp; <\/b><b>Spa<\/b> liegt nur wenige Gehminuten vom Meer, Markantalya, dem beliebtesten Einkaufszentrum von Antalya, der Stra\u00dfenbahn und den \u00f6ffentlichen Verkehrsmitteln entfernt, so dass unsere G\u00e4ste alle Annehmlichkeiten der Stadt leicht erreichen k\u00f6nnen.<\/p>\n<p>Ob f\u00fcr Urlaubs-, Gesch\u00e4fts- oder Besichtigungszwecke, unser Hotel ist ein Hotel, das aufgrund seiner Lage einen gro\u00dfen Vorteil f\u00fcr seine G\u00e4ste bietet, wenn sie die Stadt Antalya besuchen.\u00a0 F\u00fcr Ihren Komfort ist in unserem Hotel alles m\u00f6glich.\u00a0 Die Zimmer verf\u00fcgen \u00fcber TV, Klimaanlage, Minibar, Safe, Wasserkocher, Tee- und Kaffeezubeh\u00f6r, Haartrockner, Seife, Shampoo, Duschgel und Hausschuhe.<\/p>\n<p>Das einzige, was Sie f\u00fcr Ihre Seele und Ihren K\u00f6rper tun m\u00fcssen, um allen Stress und alle Sorgen loszuwerden, ist, so schnell wie m\u00f6glich ins <b>Lupo Libero Hotel &amp; <\/b><b>Spa<\/b> zu kommen.<\/p>\n\t\t\t\t\t\t<\/div>\n\t\t\t\t<\/div>\n\t\t\t\t<div class=\"elementor-element elementor-element-231bd64 elementor-widget-divider--view-line elementor-widget elementor-widget-divider\" data-id=\"231bd64\" data-element_type=\"widget\" data-widget_type=\"divider.default\">\n\t\t\t\t<div class=\"elementor-widget-container\">\n\t\t\t\t\t<div class=\"elementor-divider\">\n\t\t\t<span class=\"elementor-divider-separator\">\n\t\t\t\t\t\t<\/span>\n\t\t<\/div>\n\t\t\t\t<\/div>\n\t\t\t\t<\/div>\n\t\t\t\t<div class=\"elementor-element elementor-element-15c20e4 elementor-widget elementor-widget-text-editor\" data-id=\"15c20e4\" data-element_type=\"widget\" data-widget_type=\"text-editor.default\">\n\t\t\t\t<div class=\"elementor-widget-container\">\n\t\t\t\t\t\t\t<p><b>ALLGEMEINE INFORMATIONEN<\/b><\/p>\n<ul>\n<li>\u00a0Das Hotel liegt 10 km vom Flughafen Antalya entfernt<\/li>\n<li>Das Hotel ist 8 km vom Busbahnhof Antalya entfernt<\/li>\n<li>Die Rezeption ist unter der Telefonnummer 0 zu erreichen.<\/li>\n<li>Die Zimmerreinigung findet t\u00e4glich zwischen 09:00-16:00 Uhr statt.<\/li>\n<li>Essen und Getr\u00e4nke sind in den Zimmern nicht erlaubt.<\/li>\n<li>Auf Wunsch k\u00f6nnen unsere G\u00e4ste zum Mittagessen ein Men\u00fc \u00e0 la carte bestellen.<\/li>\n<li>Bitte geben Sie Ihre Zimmerkarte beim Check-out an der Rezeption ab.<\/li>\n<li>In Ihrem Zimmer befindet sich ein Privater Safe.<\/li>\n<li>Unser Hotel haftet nicht f\u00fcr den Verlust von Wertgegenst\u00e4nden und Geld, die nicht im Safe deponiert wurden.<\/li>\n<li>Check-in-Zeit ist 14:00 Uhr, Check-out-Zeit ist 12:00 Uhr.<\/li>\n<li>Haustiere sind nicht erlaubt.<\/li>\n<\/ul>\n\t\t\t\t\t\t<\/div>\n\t\t\t\t<\/div>\n\t\t\t\t\t<\/div>\n\t\t<\/div>\n\t\t\t\t\t<\/div>\n\t\t<\/section>\n\t\t\t\t<section class=\"elementor-section elementor-top-section elementor-element elementor-element-f2da79c elementor-section-boxed elementor-section-height-default elementor-section-height-default\" data-id=\"f2da79c\" data-element_type=\"section\">\n\t\t\t\t\t\t<div class=\"elementor-container elementor-column-gap-default\">\n\t\t\t\t\t<div class=\"elementor-column elementor-col-100 elementor-top-column elementor-element elementor-element-122b5ec\" data-id=\"122b5ec\" data-element_type=\"column\">\n\t\t\t<div class=\"elementor-widget-wrap elementor-element-populated\">\n\t\t\t\t\t\t<div class=\"elementor-element elementor-element-ee455e8 elementor-widget elementor-widget-gva-gallery\" data-id=\"ee455e8\" data-element_type=\"widget\" data-widget_type=\"gva-gallery.default\">\n\t\t\t\t<div class=\"elementor-widget-container\">\n\t\t\t<div class=\"gva-element-gva-gallery gva-element\">\r\n<div class=\"gva-gallery-carousel swiper-slider-wrapper style-1 \">\r\n\t<div class=\"swiper-content-inner\">\r\n   \t<div class=\"init-carousel-swiper swiper\" data-carousel=\"{&quot;items&quot;:3,&quot;items_lg&quot;:3,&quot;items_md&quot;:3,&quot;items_sm&quot;:2,&quot;items_xs&quot;:1,&quot;items_xx&quot;:1,&quot;effect&quot;:&quot;slide&quot;,&quot;space_between&quot;:30,&quot;loop&quot;:1,&quot;speed&quot;:600,&quot;autoplay&quot;:1,&quot;autoplay_delay&quot;:4500,&quot;autoplay_hover&quot;:1,&quot;navigation&quot;:1,&quot;pagination&quot;:0,&quot;dynamic_bullets&quot;:0,&quot;pagination_type&quot;:&quot;bullets&quot;}\">\r\n      \t<div class=\"swiper-wrapper\">\r\n\t\t\t\t<div class=\"swiper-slide item\">\r\n<div class=\"gallery-item\">\r\n\r\n               <div class=\"image\">\r\n            <img decoding=\"async\" src=\"https:\/\/lupohotel.com\/wp-content\/uploads\/2022\/11\/79df293af0dc0f9e9fdfee51c481ffd7-560x690.jpg\" alt=\"MARK ANTALYA AVM\" \/>  \r\n         <\/div>\r\n         <a class=\"photo-gallery\" href=\"http:\/\/lupohotel.com\/wp-content\/uploads\/2022\/11\/79df293af0dc0f9e9fdfee51c481ffd7.jpg\" data-elementor-lightbox-slideshow=\"gallery-cib3\"><\/a>\r\n      \r\n      <div class=\"image-content\">\r\n         <div class=\"content-inner\">\r\n                           <h3 class=\"title\">MARK ANTALYA AVM<\/h3>\r\n                                 <\/div>   \r\n      <\/div>\r\n\r\n   <\/div>\r\n<\/div><div class=\"swiper-slide item\">\r\n<div class=\"gallery-item\">\r\n\r\n               <div class=\"image\">\r\n            <img decoding=\"async\" src=\"https:\/\/lupohotel.com\/wp-content\/uploads\/2022\/11\/EHE-pH5X4AAJvAP-560x576.jpg\" alt=\"ANTALYA \u00c7AR\u015eI\" \/>  \r\n         <\/div>\r\n         <a class=\"photo-gallery\" href=\"http:\/\/lupohotel.com\/wp-content\/uploads\/2022\/11\/EHE-pH5X4AAJvAP.jpg\" data-elementor-lightbox-slideshow=\"gallery-cib3\"><\/a>\r\n      \r\n      <div class=\"image-content\">\r\n         <div class=\"content-inner\">\r\n                           <h3 class=\"title\">ANTALYA \u00c7AR\u015eI<\/h3>\r\n                                 <\/div>   \r\n      <\/div>\r\n\r\n   <\/div>\r\n<\/div><div class=\"swiper-slide item\">\r\n<div class=\"gallery-item\">\r\n\r\n               <div class=\"image\">\r\n            <img decoding=\"async\" src=\"https:\/\/lupohotel.com\/wp-content\/uploads\/2022\/11\/maxresdefault-560x690.jpg\" alt=\"ANTALYA KALE\u0130\u00c7\u0130\" \/>  \r\n         <\/div>\r\n         <a class=\"photo-gallery\" href=\"http:\/\/lupohotel.com\/wp-content\/uploads\/2022\/11\/maxresdefault.jpg\" data-elementor-lightbox-slideshow=\"gallery-cib3\"><\/a>\r\n      \r\n      <div class=\"image-content\">\r\n         <div class=\"content-inner\">\r\n                           <h3 class=\"title\">ANTALYA KALE\u0130\u00c7\u0130<\/h3>\r\n                                 <\/div>   \r\n      <\/div>\r\n\r\n   <\/div>\r\n<\/div><div class=\"swiper-slide item\">\r\n<div class=\"gallery-item\">\r\n\r\n               <div class=\"image\">\r\n            <img decoding=\"async\" src=\"https:\/\/lupohotel.com\/wp-content\/uploads\/2022\/11\/Turkey-Home-560x690.jpg\" alt=\"ANTALYA YAT L\u0130MANI\" \/>  \r\n         <\/div>\r\n         <a class=\"photo-gallery\" href=\"http:\/\/lupohotel.com\/wp-content\/uploads\/2022\/11\/Turkey-Home.jpg\" data-elementor-lightbox-slideshow=\"gallery-cib3\"><\/a>\r\n      \r\n      <div class=\"image-content\">\r\n         <div class=\"content-inner\">\r\n                           <h3 class=\"title\">ANTALYA YAT L\u0130MANI<\/h3>\r\n                                 <\/div>   \r\n      <\/div>\r\n\r\n   <\/div>\r\n<\/div>\t\t\t<\/div>\r\n\t\t<\/div>\r\n\t<\/div>\r\n\t<div class=\"swiper-pagination\"><\/div>   <div class=\"swiper-nav-next\"><\/div><div class=\"swiper-nav-prev\"><\/div><\/div>\r\n<\/div>\t\t<\/div>\n\t\t\t\t<\/div>\n\t\t\t\t\t<\/div>\n\t\t<\/div>\n\t\t\t\t\t<\/div>\n\t\t<\/section>\n\t\t\t\t<\/div>\n\t\t","protected":false},"excerpt":{"rendered":"<p>Das Lupo Libero Hotel &amp; Spa befindet sich in zentraler Lage von Antalya und verf\u00fcgt \u00fcber eine Kapazit\u00e4t von 143 Betten und 65 Zimmern. Das Lupo Libero Hotel &amp; Spa ist ein Familienhotel, das auf allen Ebenen Wert auf die Zufriedenheit seiner G\u00e4ste legt, um ihnen einen ruhigen und erholsamen Urlaub zu bieten. Unser Hotel, [&hellip;]<\/p>\n","protected":false},"author":5,"featured_media":0,"parent":0,"menu_order":0,"comment_status":"closed","ping_status":"closed","template":"","meta":{"footnotes":""},"_links":{"self":[{"href":"https:\/\/lupohotel.com\/de\/wp-json\/wp\/v2\/pages\/3063"}],"collection":[{"href":"https:\/\/lupohotel.com\/de\/wp-json\/wp\/v2\/pages"}],"about":[{"href":"https:\/\/lupohotel.com\/de\/wp-json\/wp\/v2\/types\/page"}],"author":[{"embeddable":true,"href":"https:\/\/lupohotel.com\/de\/wp-json\/wp\/v2\/users\/5"}],"replies":[{"embeddable":true,"href":"https:\/\/lupohotel.com\/de\/wp-json\/wp\/v2\/comments?post=3063"}],"version-history":[{"count":1,"href":"https:\/\/lupohotel.com\/de\/wp-json\/wp\/v2\/pages\/3063\/revisions"}],"predecessor-version":[{"id":3065,"href":"https:\/\/lupohotel.com\/de\/wp-json\/wp\/v2\/pages\/3063\/revisions\/3065"}],"wp:attachment":[{"href":"https:\/\/lupohotel.com\/de\/wp-json\/wp\/v2\/media?parent=3063"}],"curies":[{"name":"wp","href":"https:\/\/api.w.org\/{rel}","templated":true}]}}